{"id":8542,"date":"2018-10-22T13:08:36","date_gmt":"2018-10-22T13:08:36","guid":{"rendered":"https:\/\/test.epi.org.mk\/?page_id=8542"},"modified":"2018-10-29T10:19:15","modified_gmt":"2018-10-29T10:19:15","slug":"%d0%bc%d0%b8%d1%81%d0%b8%d1%98%d0%b0-%d0%b8-%d0%b2%d0%b8%d0%b7%d0%b8%d1%98%d0%b0","status":"publish","type":"page","link":"https:\/\/epi.org.mk\/sq\/per-ne\/%d0%bc%d0%b8%d1%81%d0%b8%d1%98%d0%b0-%d0%b8-%d0%b2%d0%b8%d0%b7%d0%b8%d1%98%d0%b0?lang=sq","title":{"rendered":"Misioni dhe vizioni"},"content":{"rendered":"<div class=\"wpb-content-wrapper\"><div class=\"vc_row wpb_row vc_row-fluid\"><div class=\"wpb_column vc_column_container vc_col-sm-12\"><div class=\"vc_column-inner\"><div class=\"wpb_wrapper\">\n\t<div class=\"wpb_text_column wpb_content_element\" >\n\t\t<div class=\"wpb_wrapper\">\n\t\t\t<p>Misioni i EPIt \u00ebsht\u00eb q\u00eb n\u00ebp\u00ebrmjet hulumtimeve t\u00eb kualitetit t\u00eb lart\u00eb dhe rekomandimeve p\u00ebr politika evropiane, t\u00eb ofroj\u00eb baz\u00eb solide p\u00ebr debat, duke synuar p\u00ebrfshirjen e politik\u00eb-b\u00ebr\u00ebsve dhe publikut m\u00eb t\u00eb gjer\u00eb.<\/p>\n<div><\/div>\n<p>&nbsp;<\/p>\n<div id=\"Objectives\">\n<h2>Q\u00ebllimet<\/h2>\n<ul>\n<li>Krijimi i nj\u00eb hap\u00ebsire publike p\u00ebr shk\u00ebmbimin e mendimeve n\u00eb mes vendim-marr\u00ebsve dhe pal\u00ebve t\u00eb interesuara n\u00eb krijimin e strategjis\u00eb dhe politikave evropiane<\/li>\n<li>Ngritja e vet\u00ebdijes s\u00eb opinionit publik dhe t\u00eb vendim-marr\u00ebsve p\u00ebr politikat e integrimit n\u00eb BE<\/li>\n<li>Promovimin e nj\u00eb mendimi kritik, hulumtimi dhe analiz\u00eb p\u00ebr krijimin edhe zbatimin e strategjis\u00eb dhe politikave p\u00ebr integrim n\u00eb BE<\/li>\n<li>Promovimi i bashk\u00ebpunimit regjional dhe kontributit p\u00ebr debate n\u00eb lidhje me zgjerimin dhe Evropeizim e regjionit<\/li>\n<li>Zhvillimi i dialogut p\u00ebr integrimin n\u00eb BE, si n\u00eb shoq\u00ebrin\u00eb civile n\u00eb Republik\u00ebn e Maqedonis\u00eb, n\u00eb regjion si dhe n\u00eb BE<\/li>\n<li>Promovimi i demokracis\u00eb, shoq\u00ebris\u00eb civile dhe t\u00eb drejtave t\u00eb njeriut<\/li>\n<\/ul>\n<\/div>\n<div id=\"Activities\">\n<h2>Aktivitetet<\/h2>\n<ul>\n<li>Producing research, studies, analysis and other materials on creation and implementation of EU policies<\/li>\n<li>Publishing opinions and proposals on the strategy and policy of integration in the EU<\/li>\n<li>Following the development of and the debate on EU strategies and policies<\/li>\n<li>Organisation of conferences, round tables, debates and other forms of dialogue<\/li>\n<li>Trainings related to EU integration<\/li>\n<li>Publishing a bulletin, periodical, books and other publications<\/li>\n<li>Planning and performing projects<\/li>\n<li>Networking and communication with other associations and organizations with similar aims in the country and in the region through exchange of experience and joint organisation of events of regional significance<\/li>\n<li>Co-operation with academic and other institutions, NGO&#8217;s, the business sector in the country and abroad<\/li>\n<\/ul>\n<\/div>\n\n\t\t<\/div>\n\t<\/div>\n<\/div><\/div><\/div><\/div>\n<\/div>","protected":false},"excerpt":{"rendered":"Misioni i EPIt \u00ebsht\u00eb q\u00eb n\u00ebp\u00ebrmjet hulumtimeve t\u00eb kualitetit t\u00eb lart\u00eb dhe rekomandimeve p\u00ebr politika evropiane, t\u00eb ofroj\u00eb baz\u00eb solide p\u00ebr debat, duke synuar p\u00ebrfshirjen e politik\u00eb-b\u00ebr\u00ebsve dhe publikut m\u00eb t\u00eb gjer\u00eb. &nbsp; Q\u00ebllimet Krijimi i nj\u00eb hap\u00ebsire publike p\u00ebr shk\u00ebmbimin e mendimeve n\u00eb mes vendim-marr\u00ebsve dhe pal\u00ebve t\u00eb interesuara n\u00eb krijimin e strategjis\u00eb dhe [...]","protected":false},"author":1,"featured_media":0,"parent":9176,"menu_order":0,"comment_status":"closed","ping_status":"closed","template":"elementor_header_footer","meta":{"_acf_changed":false,"footnotes":""},"class_list":["post-8542","page","type-page","status-publish","hentry"],"acf":[],"yoast_head":"<!-- This site is optimized with the Yoast SEO plugin v24.4 - https:\/\/yoast.com\/wordpress\/plugins\/seo\/ -->\n<title>Misioni dhe vizioni - EPI<\/title>\n<meta name=\"robots\" content=\"index, follow, max-snippet:-1, max-image-preview:large, max-video-preview:-1\" \/>\n<link rel=\"canonical\" href=\"https:\/\/epi.org.mk\/sq\/\u0437\u0430-\u043d\u0430\u0441\/\u043c\u0438\u0441\u0438\u0458\u0430-\u0438-\u0432\u0438\u0437\u0438\u0458\u0430\/\" \/>\n<meta property=\"og:locale\" content=\"mk_MK\" \/>\n<meta property=\"og:type\" content=\"article\" \/>\n<meta property=\"og:title\" content=\"Misioni dhe vizioni - EPI\" \/>\n<meta property=\"og:url\" content=\"https:\/\/epi.org.mk\/sq\/\u0437\u0430-\u043d\u0430\u0441\/\u043c\u0438\u0441\u0438\u0458\u0430-\u0438-\u0432\u0438\u0437\u0438\u0458\u0430\/\" \/>\n<meta property=\"og:site_name\" content=\"EPI\" \/>\n<meta property=\"article:publisher\" content=\"https:\/\/www.facebook.com\/EPI.Skopje\/\" \/>\n<meta property=\"article:modified_time\" content=\"2018-10-29T10:19:15+00:00\" \/>\n<meta name=\"twitter:card\" content=\"summary_large_image\" \/>\n<meta name=\"twitter:site\" content=\"@epi_skopje\" \/>\n<meta name=\"twitter:label1\" content=\"Est. reading time\" \/>\n\t<meta name=\"twitter:data1\" content=\"1 minute\" \/>\n<script type=\"application\/ld+json\" class=\"yoast-schema-graph\">{\"@context\":\"https:\/\/schema.org\",\"@graph\":[{\"@type\":\"WebPage\",\"@id\":\"https:\/\/epi.org.mk\/%d0%b7%d0%b0-%d0%bd%d0%b0%d1%81\/%d0%bc%d0%b8%d1%81%d0%b8%d1%98%d0%b0-%d0%b8-%d0%b2%d0%b8%d0%b7%d0%b8%d1%98%d0%b0\",\"url\":\"https:\/\/epi.org.mk\/%d0%b7%d0%b0-%d0%bd%d0%b0%d1%81\/%d0%bc%d0%b8%d1%81%d0%b8%d1%98%d0%b0-%d0%b8-%d0%b2%d0%b8%d0%b7%d0%b8%d1%98%d0%b0\",\"name\":\"Misioni dhe vizioni - EPI\",\"isPartOf\":{\"@id\":\"https:\/\/epi.org.mk\/#website\"},\"datePublished\":\"2018-10-22T13:08:36+00:00\",\"dateModified\":\"2018-10-29T10:19:15+00:00\",\"breadcrumb\":{\"@id\":\"https:\/\/epi.org.mk\/%d0%b7%d0%b0-%d0%bd%d0%b0%d1%81\/%d0%bc%d0%b8%d1%81%d0%b8%d1%98%d0%b0-%d0%b8-%d0%b2%d0%b8%d0%b7%d0%b8%d1%98%d0%b0#breadcrumb\"},\"inLanguage\":\"mk-MK\",\"potentialAction\":[{\"@type\":\"ReadAction\",\"target\":[\"https:\/\/epi.org.mk\/%d0%b7%d0%b0-%d0%bd%d0%b0%d1%81\/%d0%bc%d0%b8%d1%81%d0%b8%d1%98%d0%b0-%d0%b8-%d0%b2%d0%b8%d0%b7%d0%b8%d1%98%d0%b0\"]}]},{\"@type\":\"BreadcrumbList\",\"@id\":\"https:\/\/epi.org.mk\/%d0%b7%d0%b0-%d0%bd%d0%b0%d1%81\/%d0%bc%d0%b8%d1%81%d0%b8%d1%98%d0%b0-%d0%b8-%d0%b2%d0%b8%d0%b7%d0%b8%d1%98%d0%b0#breadcrumb\",\"itemListElement\":[{\"@type\":\"ListItem\",\"position\":1,\"name\":\"Home\",\"item\":\"https:\/\/epi.org.mk\/\"},{\"@type\":\"ListItem\",\"position\":2,\"name\":\"P\u00ebr ne\",\"item\":\"https:\/\/epi.org.mk\/%d0%b7%d0%b0-%d0%bd%d0%b0%d1%81\"},{\"@type\":\"ListItem\",\"position\":3,\"name\":\"Misioni dhe vizioni\"}]},{\"@type\":\"WebSite\",\"@id\":\"https:\/\/epi.org.mk\/#website\",\"url\":\"https:\/\/epi.org.mk\/\",\"name\":\"EPI\",\"description\":\"\u0418\u043d\u0441\u0442\u0438\u0442\u0443\u0442 \u0437\u0430 \u0435\u0432\u0440\u043e\u043f\u0441\u043a\u0430 \u043f\u043e\u043b\u0438\u0442\u0438\u043a\u0430\",\"publisher\":{\"@id\":\"https:\/\/epi.org.mk\/#organization\"},\"potentialAction\":[{\"@type\":\"SearchAction\",\"target\":{\"@type\":\"EntryPoint\",\"urlTemplate\":\"https:\/\/epi.org.mk\/?s={search_term_string}\"},\"query-input\":{\"@type\":\"PropertyValueSpecification\",\"valueRequired\":true,\"valueName\":\"search_term_string\"}}],\"inLanguage\":\"mk-MK\"},{\"@type\":\"Organization\",\"@id\":\"https:\/\/epi.org.mk\/#organization\",\"name\":\"European Policy Institute - Skopje\",\"alternateName\":\"EPI Skopje\",\"url\":\"https:\/\/epi.org.mk\/\",\"logo\":{\"@type\":\"ImageObject\",\"inLanguage\":\"mk-MK\",\"@id\":\"https:\/\/epi.org.mk\/#\/schema\/logo\/image\/\",\"url\":\"https:\/\/epi.org.mk\/wp-content\/uploads\/epi-logo.jpg\",\"contentUrl\":\"https:\/\/epi.org.mk\/wp-content\/uploads\/epi-logo.jpg\",\"width\":909,\"height\":909,\"caption\":\"European Policy Institute - Skopje\"},\"image\":{\"@id\":\"https:\/\/epi.org.mk\/#\/schema\/logo\/image\/\"},\"sameAs\":[\"https:\/\/www.facebook.com\/EPI.Skopje\/\",\"https:\/\/x.com\/epi_skopje\",\"https:\/\/www.instagram.com\/epi.skopje\/\",\"https:\/\/www.linkedin.com\/company\/epi-skopje\"]}]}<\/script>\n<!-- \/ Yoast SEO plugin. -->","yoast_head_json":{"title":"Misioni dhe vizioni - EPI","robots":{"index":"index","follow":"follow","max-snippet":"max-snippet:-1","max-image-preview":"max-image-preview:large","max-video-preview":"max-video-preview:-1"},"canonical":"https:\/\/epi.org.mk\/sq\/\u0437\u0430-\u043d\u0430\u0441\/\u043c\u0438\u0441\u0438\u0458\u0430-\u0438-\u0432\u0438\u0437\u0438\u0458\u0430\/","og_locale":"mk_MK","og_type":"article","og_title":"Misioni dhe vizioni - EPI","og_url":"https:\/\/epi.org.mk\/sq\/\u0437\u0430-\u043d\u0430\u0441\/\u043c\u0438\u0441\u0438\u0458\u0430-\u0438-\u0432\u0438\u0437\u0438\u0458\u0430\/","og_site_name":"EPI","article_publisher":"https:\/\/www.facebook.com\/EPI.Skopje\/","article_modified_time":"2018-10-29T10:19:15+00:00","twitter_card":"summary_large_image","twitter_site":"@epi_skopje","twitter_misc":{"Est. reading time":"1 minute"},"schema":{"@context":"https:\/\/schema.org","@graph":[{"@type":"WebPage","@id":"https:\/\/epi.org.mk\/%d0%b7%d0%b0-%d0%bd%d0%b0%d1%81\/%d0%bc%d0%b8%d1%81%d0%b8%d1%98%d0%b0-%d0%b8-%d0%b2%d0%b8%d0%b7%d0%b8%d1%98%d0%b0","url":"https:\/\/epi.org.mk\/%d0%b7%d0%b0-%d0%bd%d0%b0%d1%81\/%d0%bc%d0%b8%d1%81%d0%b8%d1%98%d0%b0-%d0%b8-%d0%b2%d0%b8%d0%b7%d0%b8%d1%98%d0%b0","name":"Misioni dhe vizioni - EPI","isPartOf":{"@id":"https:\/\/epi.org.mk\/#website"},"datePublished":"2018-10-22T13:08:36+00:00","dateModified":"2018-10-29T10:19:15+00:00","breadcrumb":{"@id":"https:\/\/epi.org.mk\/%d0%b7%d0%b0-%d0%bd%d0%b0%d1%81\/%d0%bc%d0%b8%d1%81%d0%b8%d1%98%d0%b0-%d0%b8-%d0%b2%d0%b8%d0%b7%d0%b8%d1%98%d0%b0#breadcrumb"},"inLanguage":"mk-MK","potentialAction":[{"@type":"ReadAction","target":["https:\/\/epi.org.mk\/%d0%b7%d0%b0-%d0%bd%d0%b0%d1%81\/%d0%bc%d0%b8%d1%81%d0%b8%d1%98%d0%b0-%d0%b8-%d0%b2%d0%b8%d0%b7%d0%b8%d1%98%d0%b0"]}]},{"@type":"BreadcrumbList","@id":"https:\/\/epi.org.mk\/%d0%b7%d0%b0-%d0%bd%d0%b0%d1%81\/%d0%bc%d0%b8%d1%81%d0%b8%d1%98%d0%b0-%d0%b8-%d0%b2%d0%b8%d0%b7%d0%b8%d1%98%d0%b0#breadcrumb","itemListElement":[{"@type":"ListItem","position":1,"name":"Home","item":"https:\/\/epi.org.mk\/"},{"@type":"ListItem","position":2,"name":"P\u00ebr ne","item":"https:\/\/epi.org.mk\/%d0%b7%d0%b0-%d0%bd%d0%b0%d1%81"},{"@type":"ListItem","position":3,"name":"Misioni dhe vizioni"}]},{"@type":"WebSite","@id":"https:\/\/epi.org.mk\/#website","url":"https:\/\/epi.org.mk\/","name":"EPI","description":"\u0418\u043d\u0441\u0442\u0438\u0442\u0443\u0442 \u0437\u0430 \u0435\u0432\u0440\u043e\u043f\u0441\u043a\u0430 \u043f\u043e\u043b\u0438\u0442\u0438\u043a\u0430","publisher":{"@id":"https:\/\/epi.org.mk\/#organization"},"potentialAction":[{"@type":"SearchAction","target":{"@type":"EntryPoint","urlTemplate":"https:\/\/epi.org.mk\/?s={search_term_string}"},"query-input":{"@type":"PropertyValueSpecification","valueRequired":true,"valueName":"search_term_string"}}],"inLanguage":"mk-MK"},{"@type":"Organization","@id":"https:\/\/epi.org.mk\/#organization","name":"European Policy Institute - Skopje","alternateName":"EPI Skopje","url":"https:\/\/epi.org.mk\/","logo":{"@type":"ImageObject","inLanguage":"mk-MK","@id":"https:\/\/epi.org.mk\/#\/schema\/logo\/image\/","url":"https:\/\/epi.org.mk\/wp-content\/uploads\/epi-logo.jpg","contentUrl":"https:\/\/epi.org.mk\/wp-content\/uploads\/epi-logo.jpg","width":909,"height":909,"caption":"European Policy Institute - Skopje"},"image":{"@id":"https:\/\/epi.org.mk\/#\/schema\/logo\/image\/"},"sameAs":["https:\/\/www.facebook.com\/EPI.Skopje\/","https:\/\/x.com\/epi_skopje","https:\/\/www.instagram.com\/epi.skopje\/","https:\/\/www.linkedin.com\/company\/epi-skopje"]}]}},"_links":{"self":[{"href":"https:\/\/epi.org.mk\/sq\/wp-json\/wp\/v2\/pages\/8542","targetHints":{"allow":["GET"]}}],"collection":[{"href":"https:\/\/epi.org.mk\/sq\/wp-json\/wp\/v2\/pages"}],"about":[{"href":"https:\/\/epi.org.mk\/sq\/wp-json\/wp\/v2\/types\/page"}],"author":[{"embeddable":true,"href":"https:\/\/epi.org.mk\/sq\/wp-json\/wp\/v2\/users\/1"}],"replies":[{"embeddable":true,"href":"https:\/\/epi.org.mk\/sq\/wp-json\/wp\/v2\/comments?post=8542"}],"version-history":[{"count":0,"href":"https:\/\/epi.org.mk\/sq\/wp-json\/wp\/v2\/pages\/8542\/revisions"}],"up":[{"embeddable":true,"href":"https:\/\/epi.org.mk\/sq\/wp-json\/wp\/v2\/pages\/9176"}],"wp:attachment":[{"href":"https:\/\/epi.org.mk\/sq\/wp-json\/wp\/v2\/media?parent=8542"}],"curies":[{"name":"wp","href":"https:\/\/api.w.org\/{rel}","templated":true}]}}